{"id":692,"date":"2021-05-11T13:35:20","date_gmt":"2019-01-22T13:13:10","guid":{"rendered":"http:\/\/lainvisible.pro\/website\/el-estudio-2-2\/"},"modified":"2024-11-07T11:58:22","modified_gmt":"2024-11-07T11:58:22","slug":"el-estudio-3","status":"publish","type":"page","link":"https:\/\/lainvisible.pro\/website\/ca\/el-estudio-3\/","title":{"rendered":"El Estudio 3"},"content":{"rendered":"","protected":false},"excerpt":{"rendered":"","protected":false},"author":1,"featured_media":0,"parent":0,"menu_order":0,"comment_status":"closed","ping_status":"closed","template":"","meta":[],"class_list":["post-692","page","type-page","status-publish","hentry"],"grid":"{\r\n  \"colCount\": 17,\r\n  \"colGutter\": 1,\r\n  \"rowGutters\": [\r\n    3,\r\n    6,\r\n    3,\r\n    1,\r\n    3,\r\n    1\r\n  ],\r\n  \"frameMargin\": 2,\r\n  \"topFrameMargin\": 13,\r\n  \"bottomFrameMargin\": 8,\r\n  \"rowAttrs\": [\r\n    {},\r\n    {},\r\n    {},\r\n    {},\r\n    {},\r\n    {},\r\n    {}\r\n  ],\r\n  \"bgColor\": null,\r\n  \"cont\": [\r\n    {\r\n      \"type\": \"text\",\r\n      \"cont\": \"<p class=\\\"_texto_lectura_big\\\">ESTUDI LA INVISIBLE<\/p>\",\r\n      \"align\": \"bottom\",\r\n      \"row\": 0,\r\n      \"col\": 0,\r\n      \"colspan\": 11,\r\n      \"offsetx\": 0,\r\n      \"offsety\": 0,\r\n      \"spaceabove\": 0,\r\n      \"spacebelow\": 0,\r\n      \"yvel\": 1,\r\n      \"push\": 0,\r\n      \"relid\": 6,\r\n      \"classes\": \"texto_estudio\"\r\n    },\r\n    {\r\n      \"type\": \"text\",\r\n      \"cont\": \"<p class=\\\"_texto_lectura_medium\\\">Neix l\u2019any 2002, creat per Maria G\u00fcell Ordis i es consolida l\u2019any 2004, amb seu a Barcelona.<\/p><p class=\\\"_texto_lectura_medium\\\">La Invisible est\u00e0 format per un equip petit i una gran xarxa de col.laboradors habituals que al llarg dels anys s\u2019han convertit en peces claus de l\u2019equip; trobem professionals de diverses disciplines com arquitectura, urbanisme, disseny gr\u00e0fic, electr\u00f2nica, sistemes de control i t\u00e8cnics de muntatge.<\/p><p class=\\\"_texto_lectura_medium\\\">A l\u2019estudi es desenvolupen tota classe de projectes relacionats amb la il.luminaci\u00f3. Es seleccionen aquells projectes que despertin l\u2019inter\u00e8s i suposin nous reptes per l\u2019equip. S\u2019investiga i s\u2019experimenta amb la llum i les seves aplicacions en les diferents disciplines. Quan es projecta, la llum es considera un material que interactua en l\u2019espai a trav\u00e9s de la seva relaci\u00f3 amb els diferents materials que el conformen. Tamb\u00e9 es t\u00e9 en compte la tecnologia actual i les possibilitats que ens proporciona per controlar-la i adaptar-la. Es busca donar el m\u00e0xim de significat als espais amb la m\u00ednima intervenci\u00f3.<\/p>\",\r\n      \"align\": \"top\",\r\n      \"row\": 1,\r\n      \"col\": 0,\r\n      \"colspan\": 17,\r\n      \"offsetx\": 0,\r\n      \"offsety\": 0,\r\n      \"spaceabove\": 0,\r\n      \"spacebelow\": 0,\r\n      \"yvel\": 1,\r\n      \"push\": 0,\r\n      \"relid\": 4,\r\n      \"classes\": \"texto_estudio_deg\",\r\n      \"frameOverflow\": \"\"\r\n    },\r\n    {\r\n      \"type\": \"text\",\r\n      \"cont\": \"<p class=\\\"_texto_lectura_big\\\">EQUIP LA INVISIBLE<\/p>\",\r\n      \"align\": \"middle\",\r\n      \"row\": 2,\r\n      \"col\": 0,\r\n      \"colspan\": 8,\r\n      \"offsetx\": 0,\r\n      \"offsety\": 0,\r\n      \"spaceabove\": 0,\r\n      \"spacebelow\": 0,\r\n      \"yvel\": 1,\r\n      \"push\": 0,\r\n      \"relid\": 12,\r\n      \"classes\": \"texto_estudio\"\r\n    },\r\n    {\r\n      \"type\": \"img\",\r\n      \"cont\": \"http:\/\/lainvisible.pro\/website\/wp-content\/uploads\/2024\/11\/LaInvisible_Editat-10-de-82.jpg\",\r\n      \"align\": \"top\",\r\n      \"row\": 3,\r\n      \"col\": 0,\r\n      \"colspan\": 5,\r\n      \"offsetx\": 0,\r\n      \"offsety\": 0,\r\n      \"spaceabove\": 0,\r\n      \"spacebelow\": 0,\r\n      \"yvel\": 1,\r\n      \"push\": 0,\r\n      \"relid\": 784,\r\n      \"attid\": 878,\r\n      \"sizes\": {\r\n        \"full\": \"http:\/\/lainvisible.pro\/website\/wp-content\/uploads\/2024\/11\/LaInvisible_Editat-10-de-82.jpg\",\r\n        \"_3840\": \"http:\/\/lainvisible.pro\/website\/wp-content\/uploads\/2024\/11\/LaInvisible_Editat-10-de-82-3840x5760.jpg\",\r\n        \"_3200\": \"http:\/\/lainvisible.pro\/website\/wp-content\/uploads\/2024\/11\/LaInvisible_Editat-10-de-82-3200x4800.jpg\",\r\n        \"_2560\": \"http:\/\/lainvisible.pro\/website\/wp-content\/uploads\/2024\/11\/LaInvisible_Editat-10-de-82-2560x3840.jpg\",\r\n        \"_1920\": \"http:\/\/lainvisible.pro\/website\/wp-content\/uploads\/2024\/11\/LaInvisible_Editat-10-de-82-1920x2880.jpg\",\r\n        \"_1280\": \"http:\/\/lainvisible.pro\/website\/wp-content\/uploads\/2024\/11\/LaInvisible_Editat-10-de-82-1280x1920.jpg\",\r\n        \"_1024\": \"http:\/\/lainvisible.pro\/website\/wp-content\/uploads\/2024\/11\/LaInvisible_Editat-10-de-82-1024x1536.jpg\",\r\n        \"_768\": \"http:\/\/lainvisible.pro\/website\/wp-content\/uploads\/2024\/11\/LaInvisible_Editat-10-de-82-768x1152.jpg\",\r\n        \"_512\": \"http:\/\/lainvisible.pro\/website\/wp-content\/uploads\/2024\/11\/LaInvisible_Editat-10-de-82-512x768.jpg\",\r\n        \"_265\": \"http:\/\/lainvisible.pro\/website\/wp-content\/uploads\/2024\/11\/LaInvisible_Editat-10-de-82-265x398.jpg\"\r\n      },\r\n      \"w\": 3840,\r\n      \"h\": 5760,\r\n      \"ar\": 1.5,\r\n      \"alt\": \"\",\r\n      \"frameOverflow\": \"\"\r\n    },\r\n    {\r\n      \"type\": \"text\",\r\n      \"cont\": \"<p class=\\\"_texto_lectura_medium\\\"><span style=\\\"font-family: NotoSerif-ExtraLight;\\\">Maria G\u00fcell Ordis<\/span><\/p><p class=\\\"_Default\\\"><span style=\\\"font-family: NotoSerif-ExtraLight;\\\">Escen\u00f2grafa per la ESAD.<\/span><br \/><br \/><span style=\\\"font-family: NotoSerif-ExtraLight;\\\">Funda l'estudi La Invisible, 2003. <\/span><\/p><p class=\\\"_Default\\\"><span style=\\\"font-family: NotoSerif-ExtraLight;\\\">Head Curator del festival LlumBcn. <\/span><\/p><p class=\\\"_Default\\\"><span style=\\\"font-family: NotoSerif-ExtraLight;\\\">Codirectora del M\u00e0ster de Disseny d'Il\u00b7luminaci\u00f3 Arquitect\u00f2nica de la UPC. <\/span><\/p><p class=\\\"_Default\\\"><span style=\\\"font-family: NotoSerif-ExtraLight;\\\">Docent a l'escola Elisava i a l\u2019escola Eina.<\/span><\/p><p class=\\\"_Default\\\"><span style=\\\"font-family: NotoSerif-ExtraLight;\\\">Estudia escenografia interessada en el disseny d'all\u00f2 que aporta significat a un espai sense ocupar lloc.<\/span><\/p><p class=\\\"_Default\\\"><span style=\\\"font-family: NotoSerif-ExtraLight;\\\">Professionalment, inicia la selva traject\u00f2ria il\u00b7luminant espectacles. Posteriorment, experimenta sobre la relaci\u00f3 espai-llum i l'enorme capacitat de millorar l'entorn de les persones. Aborda aquests aspectes de la llum des de diversos \u00e0mbits, el disseny, l'Art, l'Arquitectura, el paisatge, el producte.<\/span><\/p><p class=\\\"_Default\\\"><span style=\\\"font-family: NotoSerif-ExtraLight;\\\">Dirigir l'estudi \u00e9s una de les seves principals tasques tot i que el management i la doc\u00e8ncia ocupen tamb\u00e9 una part important del seu temps i son, sobretot, un gran impuls per a investigar i sempre buscar noves estrat\u00e8gies professionals, conceptuals i t\u00e8cniques.<\/span><\/p>\",\r\n      \"align\": \"top\",\r\n      \"row\": 4,\r\n      \"col\": 0,\r\n      \"colspan\": 5,\r\n      \"offsetx\": 0,\r\n      \"offsety\": 0,\r\n      \"spaceabove\": 0,\r\n      \"spacebelow\": 0,\r\n      \"yvel\": 1,\r\n      \"push\": 0,\r\n      \"relid\": 9,\r\n      \"classes\": \"text_color_columna_1\",\r\n      \"frameOverflow\": \"\"\r\n    },\r\n    {\r\n      \"type\": \"img\",\r\n      \"cont\": \"http:\/\/lainvisible.pro\/website\/wp-content\/uploads\/2024\/11\/LaInvisible_Editat-13-de-82.jpg\",\r\n      \"align\": \"bottom\",\r\n      \"row\": 5,\r\n      \"col\": 0,\r\n      \"colspan\": 5,\r\n      \"offsetx\": 0,\r\n      \"offsety\": 0,\r\n      \"spaceabove\": 0,\r\n      \"spacebelow\": 0,\r\n      \"yvel\": 1,\r\n      \"push\": 0,\r\n      \"relid\": 1063,\r\n      \"attid\": 868,\r\n      \"sizes\": {\r\n        \"full\": \"http:\/\/lainvisible.pro\/website\/wp-content\/uploads\/2024\/11\/LaInvisible_Editat-13-de-82.jpg\",\r\n        \"_3840\": \"http:\/\/lainvisible.pro\/website\/wp-content\/uploads\/2024\/11\/LaInvisible_Editat-13-de-82-3840x5760.jpg\",\r\n        \"_3200\": \"http:\/\/lainvisible.pro\/website\/wp-content\/uploads\/2024\/11\/LaInvisible_Editat-13-de-82-3200x4800.jpg\",\r\n        \"_2560\": \"http:\/\/lainvisible.pro\/website\/wp-content\/uploads\/2024\/11\/LaInvisible_Editat-13-de-82-2560x3840.jpg\",\r\n        \"_1920\": \"http:\/\/lainvisible.pro\/website\/wp-content\/uploads\/2024\/11\/LaInvisible_Editat-13-de-82-1920x2880.jpg\",\r\n        \"_1280\": \"http:\/\/lainvisible.pro\/website\/wp-content\/uploads\/2024\/11\/LaInvisible_Editat-13-de-82-1280x1920.jpg\",\r\n        \"_1024\": \"http:\/\/lainvisible.pro\/website\/wp-content\/uploads\/2024\/11\/LaInvisible_Editat-13-de-82-1024x1536.jpg\",\r\n        \"_768\": \"http:\/\/lainvisible.pro\/website\/wp-content\/uploads\/2024\/11\/LaInvisible_Editat-13-de-82-768x1152.jpg\",\r\n        \"_512\": \"http:\/\/lainvisible.pro\/website\/wp-content\/uploads\/2024\/11\/LaInvisible_Editat-13-de-82-512x768.jpg\",\r\n        \"_265\": \"http:\/\/lainvisible.pro\/website\/wp-content\/uploads\/2024\/11\/LaInvisible_Editat-13-de-82-265x398.jpg\"\r\n      },\r\n      \"w\": 3840,\r\n      \"h\": 5760,\r\n      \"ar\": 1.5,\r\n      \"alt\": \"\"\r\n    },\r\n    {\r\n      \"type\": \"text\",\r\n      \"cont\": \"<p><span style=\\\"font-size: 28px; font-family: NotoSerif-ExtraLight; color: #ff99cc;\\\">Andrea Garrido Cuesta<\/span><\/p><div class=\\\"flex max-w-full flex-col flex-grow\\\"><div class=\\\"min-h-8 text-message flex w-full flex-col items-end gap-2 whitespace-normal break-words [.text-message+&amp;]:mt-5\\\" dir=\\\"auto\\\" data-message-author-role=\\\"assistant\\\" data-message-id=\\\"a41255f0-7747-493e-ba45-e6efb5fe9e16\\\" data-message-model-slug=\\\"gpt-4o-mini\\\"><div class=\\\"flex w-full flex-col gap-1 empty:hidden first:pt-[3px]\\\"><div class=\\\"markdown prose w-full break-words dark:prose-invert light\\\"><p><span style=\\\"font-family: NotoSerif-ExtraLight; font-size: 20px;\\\">Dissenyadora d'interiors i il\u00b7luminaci\u00f3<\/span><\/p><p><span style=\\\"font-family: NotoSerif-ExtraLight; font-size: 20px;\\\">Amb m\u00e9s de quatre anys d'experi\u00e8ncia en projectes que van des de reformes d'habitatges fins al desenvolupament de nous espais, destacant per un enfocament creatiu i detallista.<\/span><\/p><p><span style=\\\"font-family: NotoSerif-ExtraLight; font-size: 20px;\\\">Des de gener de 2023, s'ha especialitzat en projectes d'il\u00b7luminaci\u00f3, oferint solucions innovadores i funcionals que milloren l'experi\u00e8ncia en espais com museus, oficines, llars i m\u00e9s.<\/span><\/p><\/div><\/div><\/div><\/div><div class=\\\"mb-2 flex gap-3 empty:hidden -ml-2\\\"><div class=\\\"items-center justify-start rounded-xl p-1 z-10 -mt-1 bg-token-main-surface-primary md:absolute flex\\\"><div class=\\\"flex items-center\\\"><div class=\\\"flex items-center pb-0\\\">\u00a0<\/div><\/div><\/div><\/div>\",\r\n      \"align\": \"middle\",\r\n      \"row\": 6,\r\n      \"col\": 0,\r\n      \"colspan\": 5,\r\n      \"offsetx\": 0,\r\n      \"offsety\": 0,\r\n      \"spaceabove\": 0,\r\n      \"spacebelow\": 0,\r\n      \"yvel\": 1,\r\n      \"push\": 0,\r\n      \"relid\": 1064\r\n    }\r\n  ]\r\n}","phonegrid":"{\r\n  \"colCount\": 1,\r\n  \"colGutter\": 1,\r\n  \"rowGutters\": [\r\n    5,\r\n    20,\r\n    5,\r\n    5,\r\n    20,\r\n    5,\r\n    20,\r\n    5,\r\n    20,\r\n    5,\r\n    20,\r\n    5,\r\n    20,\r\n    5\r\n  ],\r\n  \"frameMargin\": 5,\r\n  \"topFrameMargin\": 20,\r\n  \"bottomFrameMargin\": 5,\r\n  \"rowAttrs\": [\r\n    {},\r\n    {},\r\n    {},\r\n    {},\r\n    {},\r\n    {},\r\n    {},\r\n    {},\r\n    {},\r\n    {},\r\n    {},\r\n    {},\r\n    {},\r\n    {},\r\n    {}\r\n  ],\r\n  \"bgColor\": null,\r\n  \"cont\": [\r\n    {\r\n      \"type\": \"text\",\r\n      \"cont\": \"<p class=\\\"_texto_lectura_big\\\">ESTUDI LA INVISIBLE<\/p>\",\r\n      \"align\": \"bottom\",\r\n      \"row\": 0,\r\n      \"col\": 0,\r\n      \"colspan\": 1,\r\n      \"offsetx\": 0,\r\n      \"offsety\": 0,\r\n      \"spaceabove\": 0,\r\n      \"spacebelow\": 0,\r\n      \"yvel\": 1,\r\n      \"push\": 0,\r\n      \"relid\": 6,\r\n      \"classes\": \"texto_estudio\",\r\n      \"frameOverflow\": \"\"\r\n    },\r\n    {\r\n      \"type\": \"text\",\r\n      \"cont\": \"<p class=\\\"_texto_lectura_medium\\\">Neix l\u2019any 2002, creat per Maria G\u00fcell Ordis i es consolida l\u2019any 2004, amb seu a Barcelona.<\/p><p class=\\\"_texto_lectura_medium\\\">La Invisible est\u00e0 format per un equip petit i una gran xarxa de col.laboradors habituals que al llarg dels anys s\u2019han convertit en peces claus de l\u2019equip; trobem professionals de diverses disciplines com arquitectura, urbanisme, disseny gr\u00e0fic, electr\u00f2nica, sistemes de control i t\u00e8cnics de muntatge.<\/p><p class=\\\"_texto_lectura_medium\\\">A l\u2019estudi es desenvolupen tota classe de projectes relacionats amb la il.luminaci\u00f3. Es seleccionen aquells projectes que despertin l\u2019inter\u00e8s i suposin nous reptes per l\u2019equip. S\u2019investiga i s\u2019experimenta amb la llum i les seves aplicacions en les diferents disciplines. Quan es projecta, la llum es considera un material que interactua en l\u2019espai a trav\u00e9s de la seva relaci\u00f3 amb els diferents materials que el conformen. Tamb\u00e9 es t\u00e9 en compte la tecnologia actual i les possibilitats que ens proporciona per controlar-la i adaptar-la. Es busca donar el m\u00e0xim de significat als espais amb la m\u00ednima intervenci\u00f3.<\/p>\",\r\n      \"align\": \"bottom\",\r\n      \"row\": 1,\r\n      \"col\": 0,\r\n      \"colspan\": 1,\r\n      \"offsetx\": 0,\r\n      \"offsety\": 0,\r\n      \"spaceabove\": 0,\r\n      \"spacebelow\": 0,\r\n      \"yvel\": 1,\r\n      \"push\": 0,\r\n      \"relid\": 4,\r\n      \"classes\": \"texto_estudio_deg\",\r\n      \"frameOverflow\": \"\"\r\n    },\r\n    {\r\n      \"type\": \"text\",\r\n      \"cont\": \"<p class=\\\"_texto_lectura_big\\\">EQUIP LA INVISIBLE<\/p>\",\r\n      \"align\": \"bottom\",\r\n      \"row\": 2,\r\n      \"col\": 0,\r\n      \"colspan\": 1,\r\n      \"offsetx\": 0,\r\n      \"offsety\": 0,\r\n      \"spaceabove\": 0,\r\n      \"spacebelow\": 0,\r\n      \"yvel\": 1,\r\n      \"push\": 0,\r\n      \"relid\": 12,\r\n      \"classes\": \"texto_estudio\",\r\n      \"frameOverflow\": \"\"\r\n    },\r\n    {\r\n      \"type\": \"text\",\r\n      \"cont\": \"<p class=\\\"_texto_lectura_medium\\\"><span style=\\\"font-family: NotoSerif-ExtraLight;\\\">Maria G\u00fcell Ordis<\/span><\/p><p class=\\\"_Default\\\"><span style=\\\"font-family: NotoSerif-ExtraLight;\\\">Escen\u00f2grafa per la ESAD.<\/span><br \/><br \/><span style=\\\"font-family: NotoSerif-ExtraLight;\\\">Funda l'estudi La Invisible, 2003. <\/span><\/p><p class=\\\"_Default\\\"><span style=\\\"font-family: NotoSerif-ExtraLight;\\\">Head Curator del festival LlumBcn. <\/span><\/p><p class=\\\"_Default\\\"><span style=\\\"font-family: NotoSerif-ExtraLight;\\\">Codirectora del M\u00e0ster de Disseny d'Il\u00b7luminaci\u00f3 Arquitect\u00f2nica de la UPC. <\/span><\/p><p class=\\\"_Default\\\"><span style=\\\"font-family: NotoSerif-ExtraLight;\\\">Docent a l'escola Elisava i a l\u2019escola Eina.<\/span><\/p><p class=\\\"_Default\\\"><span style=\\\"font-family: NotoSerif-ExtraLight;\\\">Estudia escenografia interessada en el disseny d'all\u00f2 que aporta significat a un espai sense ocupar lloc.<\/span><\/p><p class=\\\"_Default\\\"><span style=\\\"font-family: NotoSerif-ExtraLight;\\\">Professionalment, inicia la selva traject\u00f2ria il\u00b7luminant espectacles. Posteriorment, experimenta sobre la relaci\u00f3 espai-llum i l'enorme capacitat de millorar l'entorn de les persones. Aborda aquests aspectes de la llum des de diversos \u00e0mbits, el disseny, l'Art, l'Arquitectura, el paisatge, el producte.<\/span><\/p><p class=\\\"_Default\\\"><span style=\\\"font-family: NotoSerif-ExtraLight;\\\">Dirigir l'estudi \u00e9s una de les seves principals tasques tot i que el management i la doc\u00e8ncia ocupen tamb\u00e9 una part important del seu temps i son, sobretot, un gran impuls per a investigar i sempre buscar noves estrat\u00e8gies professionals, conceptuals i t\u00e8cniques.<\/span><\/p>\",\r\n      \"align\": \"bottom\",\r\n      \"row\": 4,\r\n      \"col\": 0,\r\n      \"colspan\": 1,\r\n      \"offsetx\": 0,\r\n      \"offsety\": 0,\r\n      \"spaceabove\": 0,\r\n      \"spacebelow\": 0,\r\n      \"yvel\": 1,\r\n      \"push\": 0,\r\n      \"relid\": 9,\r\n      \"classes\": \"text_color_columna_1\",\r\n      \"frameOverflow\": \"\"\r\n    },\r\n    {\r\n      \"type\": \"img\",\r\n      \"cont\": \"http:\/\/lainvisible.pro\/website\/wp-content\/uploads\/2024\/11\/LaInvisible_Editat-13-de-82.jpg\",\r\n      \"align\": \"top\",\r\n      \"row\": 5,\r\n      \"col\": 0,\r\n      \"colspan\": 1,\r\n      \"offsetx\": 0,\r\n      \"offsety\": 0,\r\n      \"spaceabove\": 0,\r\n      \"spacebelow\": 0,\r\n      \"yvel\": 1,\r\n      \"push\": 0,\r\n      \"relid\": 694,\r\n      \"attid\": 868,\r\n      \"sizes\": {\r\n        \"full\": \"http:\/\/lainvisible.pro\/website\/wp-content\/uploads\/2024\/11\/LaInvisible_Editat-13-de-82.jpg\",\r\n        \"_3840\": \"http:\/\/lainvisible.pro\/website\/wp-content\/uploads\/2024\/11\/LaInvisible_Editat-13-de-82-3840x5760.jpg\",\r\n        \"_3200\": \"http:\/\/lainvisible.pro\/website\/wp-content\/uploads\/2024\/11\/LaInvisible_Editat-13-de-82-3200x4800.jpg\",\r\n        \"_2560\": \"http:\/\/lainvisible.pro\/website\/wp-content\/uploads\/2024\/11\/LaInvisible_Editat-13-de-82-2560x3840.jpg\",\r\n        \"_1920\": \"http:\/\/lainvisible.pro\/website\/wp-content\/uploads\/2024\/11\/LaInvisible_Editat-13-de-82-1920x2880.jpg\",\r\n        \"_1280\": \"http:\/\/lainvisible.pro\/website\/wp-content\/uploads\/2024\/11\/LaInvisible_Editat-13-de-82-1280x1920.jpg\",\r\n        \"_1024\": \"http:\/\/lainvisible.pro\/website\/wp-content\/uploads\/2024\/11\/LaInvisible_Editat-13-de-82-1024x1536.jpg\",\r\n        \"_768\": \"http:\/\/lainvisible.pro\/website\/wp-content\/uploads\/2024\/11\/LaInvisible_Editat-13-de-82-768x1152.jpg\",\r\n        \"_512\": \"http:\/\/lainvisible.pro\/website\/wp-content\/uploads\/2024\/11\/LaInvisible_Editat-13-de-82-512x768.jpg\",\r\n        \"_265\": \"http:\/\/lainvisible.pro\/website\/wp-content\/uploads\/2024\/11\/LaInvisible_Editat-13-de-82-265x398.jpg\"\r\n      },\r\n      \"w\": 3840,\r\n      \"h\": 5760,\r\n      \"ar\": 1.5,\r\n      \"alt\": \"\"\r\n    },\r\n    {\r\n      \"type\": \"text\",\r\n      \"cont\": \"\",\r\n      \"align\": \"top\",\r\n      \"row\": 6,\r\n      \"col\": 0,\r\n      \"colspan\": 1,\r\n      \"offsetx\": 0,\r\n      \"offsety\": 0,\r\n      \"spaceabove\": 0,\r\n      \"spacebelow\": 0,\r\n      \"yvel\": 1,\r\n      \"push\": 0,\r\n      \"relid\": 695\r\n    }\r\n  ]\r\n}","_links":{"self":[{"href":"https:\/\/lainvisible.pro\/website\/ca\/wp-json\/wp\/v2\/pages\/692","targetHints":{"allow":["GET"]}}],"collection":[{"href":"https:\/\/lainvisible.pro\/website\/ca\/wp-json\/wp\/v2\/pages"}],"about":[{"href":"https:\/\/lainvisible.pro\/website\/ca\/wp-json\/wp\/v2\/types\/page"}],"author":[{"embeddable":true,"href":"https:\/\/lainvisible.pro\/website\/ca\/wp-json\/wp\/v2\/users\/1"}],"replies":[{"embeddable":true,"href":"https:\/\/lainvisible.pro\/website\/ca\/wp-json\/wp\/v2\/comments?post=692"}],"version-history":[{"count":0,"href":"https:\/\/lainvisible.pro\/website\/ca\/wp-json\/wp\/v2\/pages\/692\/revisions"}],"wp:attachment":[{"href":"https:\/\/lainvisible.pro\/website\/ca\/wp-json\/wp\/v2\/media?parent=692"}],"curies":[{"name":"wp","href":"https:\/\/api.w.org\/{rel}","templated":true}]}}