{"id":692,"date":"2021-05-11T13:35:20","date_gmt":"2019-01-22T13:13:10","guid":{"rendered":"http:\/\/lainvisible.pro\/website\/el-estudio-2-2\/"},"modified":"2024-11-07T11:58:22","modified_gmt":"2024-11-07T11:58:22","slug":"el-estudio-3","status":"publish","type":"page","link":"https:\/\/lainvisible.pro\/website\/el-estudio-3\/","title":{"rendered":"El Estudio 3"},"content":{"rendered":"","protected":false},"excerpt":{"rendered":"","protected":false},"author":1,"featured_media":0,"parent":0,"menu_order":0,"comment_status":"closed","ping_status":"closed","template":"","meta":[],"class_list":["post-692","page","type-page","status-publish","hentry"],"grid":"{\r\n  \"colCount\": 17,\r\n  \"colGutter\": 1,\r\n  \"rowGutters\": [\r\n    3,\r\n    6,\r\n    3,\r\n    1,\r\n    3,\r\n    1\r\n  ],\r\n  \"frameMargin\": 2,\r\n  \"topFrameMargin\": 13,\r\n  \"bottomFrameMargin\": 8,\r\n  \"rowAttrs\": [\r\n    {},\r\n    {},\r\n    {},\r\n    {},\r\n    {},\r\n    {},\r\n    {}\r\n  ],\r\n  \"bgColor\": null,\r\n  \"cont\": [\r\n    {\r\n      \"type\": \"text\",\r\n      \"cont\": \"<p class=\\\"_texto_lectura_big\\\">ESTUDIO LA INVISIBLE<\/p>\",\r\n      \"align\": \"bottom\",\r\n      \"row\": 0,\r\n      \"col\": 0,\r\n      \"colspan\": 11,\r\n      \"offsetx\": 0,\r\n      \"offsety\": 0,\r\n      \"spaceabove\": 0,\r\n      \"spacebelow\": 0,\r\n      \"yvel\": 1,\r\n      \"push\": 0,\r\n      \"relid\": 6,\r\n      \"classes\": \"texto_estudio\"\r\n    },\r\n    {\r\n      \"type\": \"text\",\r\n      \"cont\": \"<p><span style=\\\"font-family: NotoSerif-ExtraLight; font-size: 28px;\\\">Fundada en 2002 por Maria G\u00fcell Ordis y consolidada en 2004, La Invisible tiene su sede en Barcelona.<\/span><\/p><p><span style=\\\"font-family: NotoSerif-ExtraLight; font-size: 28px;\\\">El estudio est\u00e1 formado por un equipo peque\u00f1o y una gran red de colaboradores habituales que, a lo largo de los a\u00f1os, se han convertido en piezas clave del equipo. Estos profesionales provienen de diversas disciplinas como la arquitectura, el urbanismo, el dise\u00f1o gr\u00e1fico, la electr\u00f3nica, los sistemas de control y los t\u00e9cnicos de montaje.<\/span><\/p><p><span style=\\\"font-family: NotoSerif-ExtraLight; font-size: 28px;\\\">En el estudio se desarrollan todo tipo de proyectos relacionados con la iluminaci\u00f3n. Se seleccionan aquellos proyectos que despiertan el inter\u00e9s y suponen nuevos retos para el equipo. Se investiga y experimenta con la luz y sus aplicaciones en las diferentes disciplinas. Cuando se proyecta, la luz se considera un material que interact\u00faa en el espacio a trav\u00e9s de su relaci\u00f3n con los diferentes materiales que lo componen. Tambi\u00e9n se tiene en cuenta la tecnolog\u00eda actual y las posibilidades que nos ofrece para controlarla y adaptarla. El objetivo es dar el m\u00e1ximo significado a los espacios con la m\u00ednima intervenci\u00f3n.<\/span><\/p>\",\r\n      \"align\": \"top\",\r\n      \"row\": 1,\r\n      \"col\": 0,\r\n      \"colspan\": 17,\r\n      \"offsetx\": 0,\r\n      \"offsety\": 0,\r\n      \"spaceabove\": 0,\r\n      \"spacebelow\": 0,\r\n      \"yvel\": 1,\r\n      \"push\": 0,\r\n      \"relid\": 4,\r\n      \"classes\": \"texto_estudio_deg\",\r\n      \"frameOverflow\": \"\"\r\n    },\r\n    {\r\n      \"type\": \"text\",\r\n      \"cont\": \"<p class=\\\"_texto_lectura_big\\\">EQUIPO LA INVISIBLE<\/p>\",\r\n      \"align\": \"middle\",\r\n      \"row\": 2,\r\n      \"col\": 0,\r\n      \"colspan\": 8,\r\n      \"offsetx\": 0,\r\n      \"offsety\": 0,\r\n      \"spaceabove\": 0,\r\n      \"spacebelow\": 0,\r\n      \"yvel\": 1,\r\n      \"push\": 0,\r\n      \"relid\": 12,\r\n      \"classes\": \"texto_estudio\"\r\n    },\r\n    {\r\n      \"type\": \"img\",\r\n      \"cont\": \"http:\/\/lainvisible.pro\/website\/wp-content\/uploads\/2024\/11\/LaInvisible_Editat-10-de-82.jpg\",\r\n      \"align\": \"top\",\r\n      \"row\": 3,\r\n      \"col\": 0,\r\n      \"colspan\": 5,\r\n      \"offsetx\": 0,\r\n      \"offsety\": 0,\r\n      \"spaceabove\": 0,\r\n      \"spacebelow\": 0,\r\n      \"yvel\": 1,\r\n      \"push\": 0,\r\n      \"relid\": 784,\r\n      \"attid\": 878,\r\n      \"sizes\": {\r\n        \"full\": \"http:\/\/lainvisible.pro\/website\/wp-content\/uploads\/2024\/11\/LaInvisible_Editat-10-de-82.jpg\",\r\n        \"_3840\": \"http:\/\/lainvisible.pro\/website\/wp-content\/uploads\/2024\/11\/LaInvisible_Editat-10-de-82-3840x5760.jpg\",\r\n        \"_3200\": \"http:\/\/lainvisible.pro\/website\/wp-content\/uploads\/2024\/11\/LaInvisible_Editat-10-de-82-3200x4800.jpg\",\r\n        \"_2560\": \"http:\/\/lainvisible.pro\/website\/wp-content\/uploads\/2024\/11\/LaInvisible_Editat-10-de-82-2560x3840.jpg\",\r\n        \"_1920\": \"http:\/\/lainvisible.pro\/website\/wp-content\/uploads\/2024\/11\/LaInvisible_Editat-10-de-82-1920x2880.jpg\",\r\n        \"_1280\": \"http:\/\/lainvisible.pro\/website\/wp-content\/uploads\/2024\/11\/LaInvisible_Editat-10-de-82-1280x1920.jpg\",\r\n        \"_1024\": \"http:\/\/lainvisible.pro\/website\/wp-content\/uploads\/2024\/11\/LaInvisible_Editat-10-de-82-1024x1536.jpg\",\r\n        \"_768\": \"http:\/\/lainvisible.pro\/website\/wp-content\/uploads\/2024\/11\/LaInvisible_Editat-10-de-82-768x1152.jpg\",\r\n        \"_512\": \"http:\/\/lainvisible.pro\/website\/wp-content\/uploads\/2024\/11\/LaInvisible_Editat-10-de-82-512x768.jpg\",\r\n        \"_265\": \"http:\/\/lainvisible.pro\/website\/wp-content\/uploads\/2024\/11\/LaInvisible_Editat-10-de-82-265x398.jpg\"\r\n      },\r\n      \"w\": 3840,\r\n      \"h\": 5760,\r\n      \"ar\": 1.5,\r\n      \"alt\": \"\",\r\n      \"frameOverflow\": \"\"\r\n    },\r\n    {\r\n      \"type\": \"text\",\r\n      \"cont\": \"<p class=\\\"_texto_lectura_medium\\\">Maria G\u00fcell Ordis<\/p><p class=\\\"_Default\\\"><span style=\\\"font-family: NotoSerif-ExtraLight;\\\">Escen\u00f3grafa por la ESAD.<\/span><br \/><br \/><span style=\\\"font-family: NotoSerif-ExtraLight;\\\">Funda el estudio La Invisible, 2003.<\/span><\/p><p class=\\\"_Default\\\"><span style=\\\"font-family: NotoSerif-ExtraLight;\\\">Head Curator del festival LlumBcn.<\/span><\/p><p class=\\\"_Default\\\"><span style=\\\"font-family: NotoSerif-ExtraLight;\\\">Codirectora del M\u00e1ster de Dise\u00f1o de Iluminaci\u00f3n Arquitect\u00f3nica de la UPC.<\/span><\/p><p class=\\\"_Default\\\"><span style=\\\"font-family: NotoSerif-ExtraLight;\\\">Docente en la escuela Elisava y en la escuela Eina.<\/span><\/p><p class=\\\"_Default\\\"><span style=\\\"font-family: NotoSerif-ExtraLight;\\\">Estudia escenograf\u00eda interesada en el dise\u00f1o de aquello que aporta significado en un espacio sin ocupar lugar.<\/span><\/p><p class=\\\"_Default\\\"><span style=\\\"font-family: NotoSerif-ExtraLight;\\\">Profesionalmente, inicia su trayectoria iluminando espect\u00e1culos. Posteriormente, experimenta sobre la relaci\u00f3n espacio-luz y la enorme capacidad de mejorar el entorno de las personas. Aborda estos aspectos de la luz desde varios \u00e1mbitos, el dise\u00f1o, el Arte, la Arquitectura, el paisaje, el producto.<\/span><\/p><p class=\\\"_Default\\\"><span style=\\\"font-family: NotoSerif-ExtraLight;\\\">Dirigir el estudio es una de sus principales tareas aunque el management y la docencia ocupan tambi\u00e9n una parte importante de su tiempo y son sobretodo un gran impulso para investigar y buscar nuevas estrategias profesionales, conceptuales y t\u00e9cnicas.<\/span><\/p>\",\r\n      \"align\": \"top\",\r\n      \"row\": 4,\r\n      \"col\": 0,\r\n      \"colspan\": 5,\r\n      \"offsetx\": 0,\r\n      \"offsety\": 0,\r\n      \"spaceabove\": 0,\r\n      \"spacebelow\": 0,\r\n      \"yvel\": 1,\r\n      \"push\": 0,\r\n      \"relid\": 9,\r\n      \"classes\": \"text_color_columna_1\",\r\n      \"frameOverflow\": \"\"\r\n    },\r\n    {\r\n      \"type\": \"img\",\r\n      \"cont\": \"http:\/\/lainvisible.pro\/website\/wp-content\/uploads\/2024\/11\/LaInvisible_Editat-13-de-82.jpg\",\r\n      \"align\": \"bottom\",\r\n      \"row\": 5,\r\n      \"col\": 0,\r\n      \"colspan\": 5,\r\n      \"offsetx\": 0,\r\n      \"offsety\": 0,\r\n      \"spaceabove\": 0,\r\n      \"spacebelow\": 0,\r\n      \"yvel\": 1,\r\n      \"push\": 0,\r\n      \"relid\": 1063,\r\n      \"attid\": 868,\r\n      \"sizes\": {\r\n        \"full\": \"http:\/\/lainvisible.pro\/website\/wp-content\/uploads\/2024\/11\/LaInvisible_Editat-13-de-82.jpg\",\r\n        \"_3840\": \"http:\/\/lainvisible.pro\/website\/wp-content\/uploads\/2024\/11\/LaInvisible_Editat-13-de-82-3840x5760.jpg\",\r\n        \"_3200\": \"http:\/\/lainvisible.pro\/website\/wp-content\/uploads\/2024\/11\/LaInvisible_Editat-13-de-82-3200x4800.jpg\",\r\n        \"_2560\": \"http:\/\/lainvisible.pro\/website\/wp-content\/uploads\/2024\/11\/LaInvisible_Editat-13-de-82-2560x3840.jpg\",\r\n        \"_1920\": \"http:\/\/lainvisible.pro\/website\/wp-content\/uploads\/2024\/11\/LaInvisible_Editat-13-de-82-1920x2880.jpg\",\r\n        \"_1280\": \"http:\/\/lainvisible.pro\/website\/wp-content\/uploads\/2024\/11\/LaInvisible_Editat-13-de-82-1280x1920.jpg\",\r\n        \"_1024\": \"http:\/\/lainvisible.pro\/website\/wp-content\/uploads\/2024\/11\/LaInvisible_Editat-13-de-82-1024x1536.jpg\",\r\n        \"_768\": \"http:\/\/lainvisible.pro\/website\/wp-content\/uploads\/2024\/11\/LaInvisible_Editat-13-de-82-768x1152.jpg\",\r\n        \"_512\": \"http:\/\/lainvisible.pro\/website\/wp-content\/uploads\/2024\/11\/LaInvisible_Editat-13-de-82-512x768.jpg\",\r\n        \"_265\": \"http:\/\/lainvisible.pro\/website\/wp-content\/uploads\/2024\/11\/LaInvisible_Editat-13-de-82-265x398.jpg\"\r\n      },\r\n      \"w\": 3840,\r\n      \"h\": 5760,\r\n      \"ar\": 1.5,\r\n      \"alt\": \"\"\r\n    },\r\n    {\r\n      \"type\": \"text\",\r\n      \"cont\": \"<p><span style=\\\"font-size: 28px; font-family: NotoSerif-ExtraLight; color: #ff99cc;\\\">Andrea Garrido Cuesta<\/span><\/p><div class=\\\"flex max-w-full flex-col flex-grow\\\"><div class=\\\"min-h-8 text-message flex w-full flex-col items-end gap-2 whitespace-normal break-words [.text-message+&amp;]:mt-5\\\" dir=\\\"auto\\\" data-message-author-role=\\\"assistant\\\" data-message-id=\\\"a41255f0-7747-493e-ba45-e6efb5fe9e16\\\" data-message-model-slug=\\\"gpt-4o-mini\\\"><div class=\\\"flex w-full flex-col gap-1 empty:hidden first:pt-[3px]\\\"><div class=\\\"markdown prose w-full break-words dark:prose-invert light\\\"><p><span style=\\\"font-family: NotoSerif-ExtraLight; font-size: 20px;\\\">Dise\u00f1adora de interiores e iluminaci\u00f3n<\/span><\/p><p><span style=\\\"font-family: NotoSerif-ExtraLight; font-size: 20px;\\\">Con m\u00e1s de cuatro a\u00f1os de experiencia en proyectos que van desde reformas de viviendas hasta el desarrollo de nuevos espacios, destac\u00e1ndose por su enfoque creativo y detallista.<\/span><\/p><p><span style=\\\"font-family: NotoSerif-ExtraLight; font-size: 20px;\\\">Desde enero de 2023, se ha especializado en proyectos de iluminaci\u00f3n, ofreciendo soluciones innovadoras y funcionales que mejoran la experiencia en espacios como museos, oficinas, hogares y m\u00e1s.<\/span><\/p><\/div><\/div><\/div><\/div><div class=\\\"mb-2 flex gap-3 empty:hidden -ml-2\\\"><div class=\\\"items-center justify-start rounded-xl p-1 z-10 -mt-1 bg-token-main-surface-primary md:absolute flex\\\"><div class=\\\"flex items-center\\\"><div class=\\\"flex items-center pb-0\\\">\u00a0<\/div><\/div><\/div><\/div>\",\r\n      \"align\": \"middle\",\r\n      \"row\": 6,\r\n      \"col\": 0,\r\n      \"colspan\": 5,\r\n      \"offsetx\": 0,\r\n      \"offsety\": 0,\r\n      \"spaceabove\": 0,\r\n      \"spacebelow\": 0,\r\n      \"yvel\": 1,\r\n      \"push\": 0,\r\n      \"relid\": 1064\r\n    }\r\n  ]\r\n}","phonegrid":"{\r\n  \"colCount\": 1,\r\n  \"colGutter\": 1,\r\n  \"rowGutters\": [\r\n    5,\r\n    20,\r\n    5,\r\n    5,\r\n    20,\r\n    5,\r\n    20,\r\n    5,\r\n    20,\r\n    5,\r\n    20,\r\n    5,\r\n    20,\r\n    5\r\n  ],\r\n  \"frameMargin\": 5,\r\n  \"topFrameMargin\": 20,\r\n  \"bottomFrameMargin\": 5,\r\n  \"rowAttrs\": [\r\n    {},\r\n    {},\r\n    {},\r\n    {},\r\n    {},\r\n    {},\r\n    {},\r\n    {},\r\n    {},\r\n    {},\r\n    {},\r\n    {},\r\n    {},\r\n    {},\r\n    {}\r\n  ],\r\n  \"bgColor\": null,\r\n  \"cont\": [\r\n    {\r\n      \"type\": \"text\",\r\n      \"cont\": \"<p class=\\\"_texto_lectura_big\\\">ESTUDIO LA INVISIBLE<\/p>\",\r\n      \"align\": \"bottom\",\r\n      \"row\": 0,\r\n      \"col\": 0,\r\n      \"colspan\": 1,\r\n      \"offsetx\": 0,\r\n      \"offsety\": 0,\r\n      \"spaceabove\": 0,\r\n      \"spacebelow\": 0,\r\n      \"yvel\": 1,\r\n      \"push\": 0,\r\n      \"relid\": 6,\r\n      \"classes\": \"texto_estudio\",\r\n      \"frameOverflow\": \"\"\r\n    },\r\n    {\r\n      \"type\": \"text\",\r\n      \"cont\": \"<p><span style=\\\"font-family: NotoSerif-ExtraLight; font-size: 28px;\\\">Fundada en 2002 por Maria G\u00fcell Ordis y consolidada en 2004, La Invisible tiene su sede en Barcelona.<\/span><\/p><p><span style=\\\"font-family: NotoSerif-ExtraLight; font-size: 28px;\\\">El estudio est\u00e1 formado por un equipo peque\u00f1o y una gran red de colaboradores habituales que, a lo largo de los a\u00f1os, se han convertido en piezas clave del equipo. Estos profesionales provienen de diversas disciplinas como la arquitectura, el urbanismo, el dise\u00f1o gr\u00e1fico, la electr\u00f3nica, los sistemas de control y los t\u00e9cnicos de montaje.<\/span><\/p><p><span style=\\\"font-family: NotoSerif-ExtraLight; font-size: 28px;\\\">En el estudio se desarrollan todo tipo de proyectos relacionados con la iluminaci\u00f3n. Se seleccionan aquellos proyectos que despiertan el inter\u00e9s y suponen nuevos retos para el equipo. Se investiga y experimenta con la luz y sus aplicaciones en las diferentes disciplinas. Cuando se proyecta, la luz se considera un material que interact\u00faa en el espacio a trav\u00e9s de su relaci\u00f3n con los diferentes materiales que lo componen. Tambi\u00e9n se tiene en cuenta la tecnolog\u00eda actual y las posibilidades que nos ofrece para controlarla y adaptarla. El objetivo es dar el m\u00e1ximo significado a los espacios con la m\u00ednima intervenci\u00f3n.<\/span><\/p>\",\r\n      \"align\": \"bottom\",\r\n      \"row\": 1,\r\n      \"col\": 0,\r\n      \"colspan\": 1,\r\n      \"offsetx\": 0,\r\n      \"offsety\": 0,\r\n      \"spaceabove\": 0,\r\n      \"spacebelow\": 0,\r\n      \"yvel\": 1,\r\n      \"push\": 0,\r\n      \"relid\": 4,\r\n      \"classes\": \"texto_estudio_deg\",\r\n      \"frameOverflow\": \"\"\r\n    },\r\n    {\r\n      \"type\": \"text\",\r\n      \"cont\": \"<p class=\\\"_texto_lectura_big\\\">EQUIPO LA INVISIBLE<\/p>\",\r\n      \"align\": \"bottom\",\r\n      \"row\": 2,\r\n      \"col\": 0,\r\n      \"colspan\": 1,\r\n      \"offsetx\": 0,\r\n      \"offsety\": 0,\r\n      \"spaceabove\": 0,\r\n      \"spacebelow\": 0,\r\n      \"yvel\": 1,\r\n      \"push\": 0,\r\n      \"relid\": 12,\r\n      \"classes\": \"texto_estudio\",\r\n      \"frameOverflow\": \"\"\r\n    },\r\n    {\r\n      \"type\": \"text\",\r\n      \"cont\": \"<p class=\\\"_texto_lectura_medium\\\">Maria G\u00fcell Ordis<\/p><p class=\\\"_Default\\\"><span style=\\\"font-family: NotoSerif-ExtraLight;\\\">Escen\u00f3grafa por la ESAD.<\/span><br \/><br \/><span style=\\\"font-family: NotoSerif-ExtraLight;\\\">Funda el estudio La Invisible, 2003.<\/span><\/p><p class=\\\"_Default\\\"><span style=\\\"font-family: NotoSerif-ExtraLight;\\\">Head Curator del festival LlumBcn.<\/span><\/p><p class=\\\"_Default\\\"><span style=\\\"font-family: NotoSerif-ExtraLight;\\\">Codirectora del M\u00e1ster de Dise\u00f1o de Iluminaci\u00f3n Arquitect\u00f3nica de la UPC.<\/span><\/p><p class=\\\"_Default\\\"><span style=\\\"font-family: NotoSerif-ExtraLight;\\\">Docente en la escuela Elisava y en la escuela Eina.<\/span><\/p><p class=\\\"_Default\\\"><span style=\\\"font-family: NotoSerif-ExtraLight;\\\">Estudia escenograf\u00eda interesada en el dise\u00f1o de aquello que aporta significado en un espacio sin ocupar lugar.<\/span><\/p><p class=\\\"_Default\\\"><span style=\\\"font-family: NotoSerif-ExtraLight;\\\">Profesionalmente, inicia su trayectoria iluminando espect\u00e1culos. Posteriormente, experimenta sobre la relaci\u00f3n espacio-luz y la enorme capacidad de mejorar el entorno de las personas. Aborda estos aspectos de la luz desde varios \u00e1mbitos, el dise\u00f1o, el Arte, la Arquitectura, el paisaje, el producto.<\/span><\/p><p class=\\\"_Default\\\"><span style=\\\"font-family: NotoSerif-ExtraLight;\\\">Dirigir el estudio es una de sus principales tareas aunque el management y la docencia ocupan tambi\u00e9n una parte importante de su tiempo y son sobretodo un gran impulso para investigar y buscar nuevas estrategias profesionales, conceptuales y t\u00e9cnicas.<\/span><\/p>\",\r\n      \"align\": \"bottom\",\r\n      \"row\": 4,\r\n      \"col\": 0,\r\n      \"colspan\": 1,\r\n      \"offsetx\": 0,\r\n      \"offsety\": 0,\r\n      \"spaceabove\": 0,\r\n      \"spacebelow\": 0,\r\n      \"yvel\": 1,\r\n      \"push\": 0,\r\n      \"relid\": 9,\r\n      \"classes\": \"text_color_columna_1\",\r\n      \"frameOverflow\": \"\"\r\n    },\r\n    {\r\n      \"type\": \"img\",\r\n      \"cont\": \"http:\/\/lainvisible.pro\/website\/wp-content\/uploads\/2024\/11\/LaInvisible_Editat-13-de-82.jpg\",\r\n      \"align\": \"top\",\r\n      \"row\": 5,\r\n      \"col\": 0,\r\n      \"colspan\": 1,\r\n      \"offsetx\": 0,\r\n      \"offsety\": 0,\r\n      \"spaceabove\": 0,\r\n      \"spacebelow\": 0,\r\n      \"yvel\": 1,\r\n      \"push\": 0,\r\n      \"relid\": 694,\r\n      \"attid\": 868,\r\n      \"sizes\": {\r\n        \"full\": \"http:\/\/lainvisible.pro\/website\/wp-content\/uploads\/2024\/11\/LaInvisible_Editat-13-de-82.jpg\",\r\n        \"_3840\": \"http:\/\/lainvisible.pro\/website\/wp-content\/uploads\/2024\/11\/LaInvisible_Editat-13-de-82-3840x5760.jpg\",\r\n        \"_3200\": \"http:\/\/lainvisible.pro\/website\/wp-content\/uploads\/2024\/11\/LaInvisible_Editat-13-de-82-3200x4800.jpg\",\r\n        \"_2560\": \"http:\/\/lainvisible.pro\/website\/wp-content\/uploads\/2024\/11\/LaInvisible_Editat-13-de-82-2560x3840.jpg\",\r\n        \"_1920\": \"http:\/\/lainvisible.pro\/website\/wp-content\/uploads\/2024\/11\/LaInvisible_Editat-13-de-82-1920x2880.jpg\",\r\n        \"_1280\": \"http:\/\/lainvisible.pro\/website\/wp-content\/uploads\/2024\/11\/LaInvisible_Editat-13-de-82-1280x1920.jpg\",\r\n        \"_1024\": \"http:\/\/lainvisible.pro\/website\/wp-content\/uploads\/2024\/11\/LaInvisible_Editat-13-de-82-1024x1536.jpg\",\r\n        \"_768\": \"http:\/\/lainvisible.pro\/website\/wp-content\/uploads\/2024\/11\/LaInvisible_Editat-13-de-82-768x1152.jpg\",\r\n        \"_512\": \"http:\/\/lainvisible.pro\/website\/wp-content\/uploads\/2024\/11\/LaInvisible_Editat-13-de-82-512x768.jpg\",\r\n        \"_265\": \"http:\/\/lainvisible.pro\/website\/wp-content\/uploads\/2024\/11\/LaInvisible_Editat-13-de-82-265x398.jpg\"\r\n      },\r\n      \"w\": 3840,\r\n      \"h\": 5760,\r\n      \"ar\": 1.5,\r\n      \"alt\": \"\"\r\n    },\r\n    {\r\n      \"type\": \"text\",\r\n      \"cont\": \"\",\r\n      \"align\": \"top\",\r\n      \"row\": 6,\r\n      \"col\": 0,\r\n      \"colspan\": 1,\r\n      \"offsetx\": 0,\r\n      \"offsety\": 0,\r\n      \"spaceabove\": 0,\r\n      \"spacebelow\": 0,\r\n      \"yvel\": 1,\r\n      \"push\": 0,\r\n      \"relid\": 695\r\n    }\r\n  ]\r\n}","_links":{"self":[{"href":"https:\/\/lainvisible.pro\/website\/wp-json\/wp\/v2\/pages\/692","targetHints":{"allow":["GET"]}}],"collection":[{"href":"https:\/\/lainvisible.pro\/website\/wp-json\/wp\/v2\/pages"}],"about":[{"href":"https:\/\/lainvisible.pro\/website\/wp-json\/wp\/v2\/types\/page"}],"author":[{"embeddable":true,"href":"https:\/\/lainvisible.pro\/website\/wp-json\/wp\/v2\/users\/1"}],"replies":[{"embeddable":true,"href":"https:\/\/lainvisible.pro\/website\/wp-json\/wp\/v2\/comments?post=692"}],"version-history":[{"count":0,"href":"https:\/\/lainvisible.pro\/website\/wp-json\/wp\/v2\/pages\/692\/revisions"}],"wp:attachment":[{"href":"https:\/\/lainvisible.pro\/website\/wp-json\/wp\/v2\/media?parent=692"}],"curies":[{"name":"wp","href":"https:\/\/api.w.org\/{rel}","templated":true}]}}